{"id":1389,"date":"2022-01-06T14:17:27","date_gmt":"2022-01-06T19:17:27","guid":{"rendered":"https:\/\/a2gc.ca\/?page_id=1389\/"},"modified":"2024-09-30T10:39:13","modified_gmt":"2024-09-30T14:39:13","slug":"formations-en","status":"publish","type":"page","link":"https:\/\/www.a2gc.ca\/en\/formations-en\/","title":{"rendered":"Training"},"content":{"rendered":"[vc_row fullwidth=&#8221;true&#8221; css=&#8221;.vc_custom_1579098618570{padding-top: 0px !important;padding-bottom: 0px !important;background-image: url(https:\/\/a2gc.ca\/wp-content\/uploads\/Salle-de-formation-min.jpg?id=1412) !important;background-position: center !important;background-repeat: no-repeat !important;background-size: cover !important;}&#8221; el_class=&#8221;bjm-top-block&#8221;][vc_column width=&#8221;3\/12&#8243;][\/vc_column][vc_column width=&#8221;9\/12&#8243;][vc_row_inner animation=&#8221;right-to-left&#8221; el_class=&#8221;bjm-whitelink&#8221;][vc_column_inner width=&#8221;5\/12&#8243;][\/vc_column_inner][vc_column_inner el_class=&#8221;bjm-dark-col&#8221; width=&#8221;7\/12&#8243;][mk_padding_divider size=&#8221;45&#8243;][vc_column_text]\n<h1 style=\"text-align: left; color: #ffffff;\"><span style=\"color: #ffffff;\">Training<\/span><\/h1>\n[\/vc_column_text][vc_column_text]<img decoding=\"async\" class=\"bjm-image\" src=\"https:\/\/a2gc.ca\/wp-content\/uploads\/A2GC-Logo_Black-trans-opt.png\" alt=\"A2GC\" \/><\/p>\n<h2 style=\"color: #fff;\"><span style=\"font-weight: 400; color: #ffffff;\">PROFESSIONAL TRAINING SESSIONS IN ROCK ENGINEERING<\/span><\/h2>\n<p><span style=\"font-weight: 400; color: #ffffff;\">Our professional training sessions are offered in two formats:<\/span><\/p>\n<ul>\n<li style=\"list-style-type: none;\">\n<ul>\n<li style=\"font-weight: 400;\" aria-level=\"1\"><span style=\"font-weight: 400; color: #ffffff;\">In person. The content can then be adjusted to half a day, one day or two days, depending on the degree of detail required. Sessions can be organised:<\/span>\n<ul>\n<li style=\"font-weight: 400;\" aria-level=\"2\"><span style=\"font-weight: 400; color: #ffffff;\">In large centres (any large city in Canada or abroad)<\/span><\/li>\n<li style=\"font-weight: 400;\" aria-level=\"2\"><span style=\"font-weight: 400; color: #ffffff;\">In mining centres<\/span><\/li>\n<li style=\"font-weight: 400;\" aria-level=\"2\"><span style=\"font-weight: 400; color: #ffffff;\">At operating sites<\/span><\/li>\n<\/ul>\n<\/li>\n<\/ul>\n<\/li>\n<li><span style=\"font-weight: 400; color: #ffffff;\">Virtually (by FaceTime, Teams, Zoom, Skype). The modules duration is reduced because there is typically less interaction with participants with this delivery format.<\/span><\/li>\n<li><span style=\"font-weight: 400; color: #ffffff;\">The typical duration of each module is show in brackets, in person and virtually<\/span><\/li>\n<\/ul>\n[\/vc_column_text][mk_padding_divider size=&#8221;25&#8243;][vc_toggle title=&#8221;Module 1 \u2014 General Geomechanics Concepts&#8221; el_id=&#8221;1726752309263-1c034726-2d4e&#8221;]<span style=\"color: #ffffff;\">(8 hours \/8 hours)<\/span><\/p>\n<ul>\n<li><span style=\"color: #ffffff;\">Stress tensor and field measurement methods<\/span><\/li>\n<li><span style=\"color: #ffffff;\">Mechanical properties of rock and measurements<\/span><\/li>\n<li><span style=\"color: #ffffff;\">Strength parameters and envelopes<\/span><\/li>\n<li><span style=\"color: #ffffff;\">Types and description of geological discontinuities at the various scales<\/span><\/li>\n<li><span style=\"color: #ffffff;\">Rock mass classification<\/span><\/li>\n<\/ul>\n<p><img loading=\"lazy\" decoding=\"async\" class=\"alignnone size-full wp-image-2060\" src=\"https:\/\/a2gc.ca\/wp-content\/uploads\/concepts-geomecaniques-opt.jpg\" alt=\"\" width=\"168\" height=\"222\" \/>[\/vc_toggle][vc_toggle title=&#8221;Module 2 \u2014 Geomechanical Characterization&#8221; el_id=&#8221;1726752439502-b523f9c8-6a06&#8243;]<span style=\"color: #ffffff;\">(6 hours \/4 hours)<\/span><\/p>\n<ul>\n<li><span style=\"color: #ffffff;\">Purposes of rock mass characterization<\/span><\/li>\n<li><span style=\"color: #ffffff;\">Parameters to collect and how to collect them<\/span><\/li>\n<li><span style=\"color: #ffffff;\">Data analysis and validation<\/span><\/li>\n<li><span style=\"color: #ffffff;\">Geomechanical domains<\/span><\/li>\n<\/ul>\n<p><img loading=\"lazy\" decoding=\"async\" class=\"alignnone size-full wp-image-2100\" src=\"https:\/\/a2gc.ca\/wp-content\/uploads\/module2-opt.jpg\" alt=\"\" width=\"340\" height=\"333\" \/>[\/vc_toggle][vc_toggle title=&#8221;Module 3 \u2014 Ground Instabilities&#8221; el_id=&#8221;1726752576823-ca6d7f02-c433&#8243;]<span style=\"color: #ffffff;\">(4 hours \/4 hours)<\/span><\/p>\n<ul>\n<li><span style=\"color: #ffffff;\">Types of ground instabilities<\/span><\/li>\n<li>\u00a0 \u00a0<span style=\"color: #ffffff;\">Stress-induced instabilities<\/span>\n<ul>\n<li><span style=\"color: #ffffff;\">Static instabilities<\/span><\/li>\n<li><span style=\"color: #ffffff;\">Dynamic instabilities<\/span><\/li>\n<\/ul>\n<\/li>\n<li>\u00a0 \u00a0<span style=\"color: #ffffff;\">Structurally controlled instabilities<\/span><\/li>\n<li><span style=\"color: #ffffff;\">Failure mechanisms<\/span><\/li>\n<li><span style=\"color: #ffffff;\">Controlling measures<\/span><\/li>\n<li><span style=\"color: #ffffff;\">Empirical excavation design methods<\/span><\/li>\n<li><span style=\"color: #ffffff;\">Empirical pillar design methods<\/span><\/li>\n<\/ul>\n<p><img loading=\"lazy\" decoding=\"async\" class=\"alignnone size-full wp-image-2102\" src=\"https:\/\/a2gc.ca\/wp-content\/uploads\/module3-opt.jpg\" alt=\"\" width=\"512\" height=\"288\" \/>[\/vc_toggle][vc_toggle title=&#8221;Module 4 \u2014 Ground Support&#8221; el_id=&#8221;1726752879667-a9e93738-1e0f&#8221;]<span style=\"color: #ffffff;\">(6 hours \/4 hours)<\/span><\/p>\n<ul>\n<li style=\"list-style-type: none;\">\n<ul>\n<li style=\"list-style-type: none;\">\n<ul>\n<li><span style=\"color: #ffffff;\">Ground support types<\/span><\/li>\n<li><span style=\"color: #ffffff;\">Working principles<\/span><\/li>\n<li><span style=\"color: #ffffff;\">Ground reaction curves<\/span><\/li>\n<li><span style=\"color: #ffffff;\">Ground support systems<\/span><\/li>\n<li><span style=\"color: #ffffff;\">Ground support selection<\/span><\/li>\n<li><span style=\"color: #ffffff;\">Ground support design<\/span><\/li>\n<li>\n<ul>\n<li><span style=\"color: #ffffff;\">Factor of safety vs probability of failure<\/span><\/li>\n<li><span style=\"color: #ffffff;\">Static<\/span><\/li>\n<li><span style=\"color: #ffffff;\">Dynamic<\/span><\/li>\n<\/ul>\n<p><img loading=\"lazy\" decoding=\"async\" class=\"alignnone size-full wp-image-2104\" src=\"https:\/\/a2gc.ca\/wp-content\/uploads\/module4-opt.jpg\" alt=\"\" width=\"512\" height=\"219\" \/><\/li>\n<\/ul>\n<\/li>\n<\/ul>\n[\/vc_toggle][vc_toggle title=&#8221;Module 5 \u2014 Conventional (Non-Seismic) Geomechanical Instrumentation&#8221; el_id=&#8221;1726753016085-08552ba8-f1c9&#8243;]<span style=\"color: #ffffff;\">(2 hours \/2 hours, or 4 hours \/4 hours if you have site examples and data for discussion)<\/span><\/p>\n<ul>\n<li style=\"list-style-type: none;\">\n<ul>\n<li style=\"list-style-type: none;\">\n<ul>\n<li><span style=\"color: #ffffff;\">Types of instruments<\/span><\/li>\n<li><span style=\"color: #ffffff;\">Objectives<\/span><\/li>\n<li><span style=\"color: #ffffff;\">Working principles<\/span><\/li>\n<li><span style=\"color: #ffffff;\">Interpretation<\/span><\/li>\n<li><span style=\"color: #ffffff;\">Limitations<\/span><\/li>\n<\/ul>\n<\/li>\n<\/ul>\n<\/li>\n<\/ul>\n<p><img loading=\"lazy\" decoding=\"async\" class=\"alignnone size-full wp-image-2106\" src=\"https:\/\/a2gc.ca\/wp-content\/uploads\/module5-opt.jpg\" alt=\"\" width=\"332\" height=\"177\" \/>[\/vc_toggle][vc_toggle title=&#8221;Module 6 \u2014 Numerical Modelling&#8221; el_id=&#8221;1726753091167-adcb248e-bd46&#8243;]<span style=\"color: #ffffff;\">(4 hours \/4 hours)<\/span><\/p>\n<ul>\n<li style=\"list-style-type: none;\">\n<ul>\n<li style=\"list-style-type: none;\">\n<ul>\n<li><span style=\"color: #ffffff;\">Types of numerical simulations (2D, 3D, elastic, inelastic, finite elements, finite differences, boundary elements, discrete displacements, discrete elements)<\/span><\/li>\n<li><span style=\"color: #ffffff;\">Selection of adequate method(s)<\/span><\/li>\n<li><span style=\"color: #ffffff;\">Required inputs<\/span><\/li>\n<li><span style=\"color: #ffffff;\">Risk profiles<\/span><\/li>\n<li><span style=\"color: #ffffff;\">Limitations<\/span><\/li>\n<\/ul>\n<\/li>\n<\/ul>\n<\/li>\n<\/ul>\n<p><img loading=\"lazy\" decoding=\"async\" class=\"alignnone size-full wp-image-2108\" src=\"https:\/\/a2gc.ca\/wp-content\/uploads\/module6-opt.jpg\" alt=\"\" width=\"512\" height=\"284\" \/>[\/vc_toggle][vc_toggle title=&#8221;Module 7 \u2014 Vibrations Monitoring&#8221; el_id=&#8221;1726753153474-d0dc1b0f-3631&#8243;]<span style=\"color: #ffffff;\">(4 hours or 8 hours if you have a seismograph and software for a hands-on session)<\/span><\/p>\n<ul>\n<li style=\"list-style-type: none;\">\n<ul>\n<li style=\"list-style-type: none;\">\n<ul>\n<li><span style=\"color: #ffffff;\">Types and characteristics of vibration waves<\/span><\/li>\n<li><span style=\"color: #ffffff;\">Measurements and interpretation<\/span><\/li>\n<li><span style=\"color: #ffffff;\">Vibration control to minimize damage<\/span><\/li>\n<li><span style=\"color: #ffffff;\">This module is geared towards blast-induced <span style=\"color: #ffffff;\">vibrations, but many concepts are applicable to mining-induced seismicity monitoring<\/span><\/span><\/li>\n<\/ul>\n<\/li>\n<\/ul>\n<\/li>\n<\/ul>\n<p><img loading=\"lazy\" decoding=\"async\" class=\"alignnone size-full wp-image-2110\" src=\"https:\/\/a2gc.ca\/wp-content\/uploads\/module7-opt.jpg\" alt=\"\" width=\"512\" height=\"263\" \/>[\/vc_toggle][vc_column_text]<span style=\"font-weight: 400; color: #ffffff;\">Some modules can be customised or combined to meet specific requirements\u00a0\u2013 contact us for details.<\/span><\/p>\n<p><span style=\"font-weight: 400; color: #ffffff;\">Participants receive certificates of attendance admissible to the continuous training requirements of most professional associations.<\/span><\/p>\n<p><span style=\"color: #ffffff;\"><span style=\"font-weight: 400;\">Contact us for more information at <\/span><a style=\"color: #ffffff;\" href=\"mailto:info@a2gc.ca\"><span style=\"font-weight: 400;\">info@a2gc.ca<\/span><\/a><\/span>[\/vc_column_text][\/vc_column_inner][\/vc_row_inner][\/vc_column][\/vc_row][vc_row][vc_column][vc_column_text]<\/li>\n<\/ul>\n[\/vc_column_text][\/vc_column][\/vc_row]\n","protected":false},"excerpt":{"rendered":"<p>[vc_row fullwidth=&#8221;true&#8221; css=&#8221;.vc_custom_1579098618570{padding-top: 0px !important;padding-bottom: 0px !important;background-image: url(https:\/\/a2gc.ca\/wp-content\/uploads\/Salle-de-formation-min.jpg?id=1412) !important;background-position: center !important;background-repeat: no-repeat !important;background-size: cover !important;}&#8221; el_class=&#8221;bjm-top-block&#8221;][vc_column width=&#8221;3\/12&#8243;][\/vc_column][vc_column width=&#8221;9\/12&#8243;][vc_row_inner animation=&#8221;right-to-left&#8221; el_class=&#8221;bjm-whitelink&#8221;][vc_column_inner width=&#8221;5\/12&#8243;][\/vc_column_inner][vc_column_inner el_class=&#8221;bjm-dark-col&#8221; width=&#8221;7\/12&#8243;][mk_padding_divider size=&#8221;45&#8243;][vc_column_text] Training [\/vc_column_text][vc_column_text] PROFESSIONAL TRAINING SESSIONS IN ROCK ENGINEERING Our professional training sessions are offered in two formats: In person. The content can then be adjusted to half a day, one day [&hellip;]<\/p>\n","protected":false},"author":2,"featured_media":0,"parent":0,"menu_order":0,"comment_status":"closed","ping_status":"closed","template":"","meta":{"footnotes":""},"class_list":["post-1389","page","type-page","status-publish","hentry"],"yoast_head":"<!-- This site is optimized with the Yoast SEO plugin v27.4 - https:\/\/yoast.com\/product\/yoast-seo-wordpress\/ -->\n<title>Training - A2GC \u2013 Andrieux et associ\u00e9s consultation g\u00e9om\u00e9canique, inc<\/title>\n<meta name=\"robots\" content=\"index, follow, max-snippet:-1, max-image-preview:large, max-video-preview:-1\" \/>\n<link rel=\"canonical\" href=\"https:\/\/www.a2gc.ca\/formations\/\" \/>\n<meta property=\"og:locale\" content=\"en_US\" \/>\n<meta property=\"og:type\" content=\"article\" \/>\n<meta property=\"og:title\" content=\"Training - A2GC \u2013 Andrieux et associ\u00e9s consultation g\u00e9om\u00e9canique, inc\" \/>\n<meta property=\"og:description\" content=\"[vc_row fullwidth=&#8221;true&#8221; css=&#8221;.vc_custom_1579098618570{padding-top: 0px !important;padding-bottom: 0px !important;background-image: url(https:\/\/a2gc.ca\/wp-content\/uploads\/Salle-de-formation-min.jpg?id=1412) !important;background-position: center !important;background-repeat: no-repeat !important;background-size: cover !important;}&#8221; el_class=&#8221;bjm-top-block&#8221;][vc_column width=&#8221;3\/12&#8243;][\/vc_column][vc_column width=&#8221;9\/12&#8243;][vc_row_inner animation=&#8221;right-to-left&#8221; el_class=&#8221;bjm-whitelink&#8221;][vc_column_inner width=&#8221;5\/12&#8243;][\/vc_column_inner][vc_column_inner el_class=&#8221;bjm-dark-col&#8221; width=&#8221;7\/12&#8243;][mk_padding_divider size=&#8221;45&#8243;][vc_column_text] Training [\/vc_column_text][vc_column_text] PROFESSIONAL TRAINING SESSIONS IN ROCK ENGINEERING Our professional training sessions are offered in two formats: In person. The content can then be adjusted to half a day, one day [&hellip;]\" \/>\n<meta property=\"og:url\" content=\"https:\/\/www.a2gc.ca\/formations\/\" \/>\n<meta property=\"og:site_name\" content=\"A2GC \u2013 Andrieux et associ\u00e9s consultation g\u00e9om\u00e9canique, inc\" \/>\n<meta property=\"article:modified_time\" content=\"2024-09-30T14:39:13+00:00\" \/>\n<meta property=\"og:image\" content=\"https:\/\/a2gc.ca\/wp-content\/uploads\/A2GC-Logo_Black-trans-opt.png\" \/>\n<meta name=\"twitter:card\" content=\"summary_large_image\" \/>\n<meta name=\"twitter:label1\" content=\"Est. reading time\" \/>\n\t<meta name=\"twitter:data1\" content=\"4 minutes\" \/>\n<script type=\"application\/ld+json\" class=\"yoast-schema-graph\">{\"@context\":\"https:\\\/\\\/schema.org\",\"@graph\":[{\"@type\":\"WebPage\",\"@id\":\"https:\\\/\\\/www.a2gc.ca\\\/formations\\\/\",\"url\":\"https:\\\/\\\/www.a2gc.ca\\\/formations\\\/\",\"name\":\"Training - A2GC \u2013 Andrieux et associ\u00e9s consultation g\u00e9om\u00e9canique, inc\",\"isPartOf\":{\"@id\":\"https:\\\/\\\/www.a2gc.ca\\\/#website\"},\"primaryImageOfPage\":{\"@id\":\"https:\\\/\\\/www.a2gc.ca\\\/formations\\\/#primaryimage\"},\"image\":{\"@id\":\"https:\\\/\\\/www.a2gc.ca\\\/formations\\\/#primaryimage\"},\"thumbnailUrl\":\"https:\\\/\\\/a2gc.ca\\\/wp-content\\\/uploads\\\/A2GC-Logo_Black-trans-opt.png\",\"datePublished\":\"2022-01-06T19:17:27+00:00\",\"dateModified\":\"2024-09-30T14:39:13+00:00\",\"breadcrumb\":{\"@id\":\"https:\\\/\\\/www.a2gc.ca\\\/formations\\\/#breadcrumb\"},\"inLanguage\":\"en-US\",\"potentialAction\":[{\"@type\":\"ReadAction\",\"target\":[\"https:\\\/\\\/www.a2gc.ca\\\/formations\\\/\"]}]},{\"@type\":\"ImageObject\",\"inLanguage\":\"en-US\",\"@id\":\"https:\\\/\\\/www.a2gc.ca\\\/formations\\\/#primaryimage\",\"url\":\"https:\\\/\\\/a2gc.ca\\\/wp-content\\\/uploads\\\/A2GC-Logo_Black-trans-opt.png\",\"contentUrl\":\"https:\\\/\\\/a2gc.ca\\\/wp-content\\\/uploads\\\/A2GC-Logo_Black-trans-opt.png\"},{\"@type\":\"BreadcrumbList\",\"@id\":\"https:\\\/\\\/www.a2gc.ca\\\/formations\\\/#breadcrumb\",\"itemListElement\":[{\"@type\":\"ListItem\",\"position\":1,\"name\":\"Home\",\"item\":\"https:\\\/\\\/www.a2gc.ca\\\/en\\\/\"},{\"@type\":\"ListItem\",\"position\":2,\"name\":\"Training\"}]},{\"@type\":\"WebSite\",\"@id\":\"https:\\\/\\\/www.a2gc.ca\\\/#website\",\"url\":\"https:\\\/\\\/www.a2gc.ca\\\/\",\"name\":\"A2GC \u2013 Andrieux et associ\u00e9s consultation g\u00e9om\u00e9canique, inc\",\"description\":\"\",\"potentialAction\":[{\"@type\":\"SearchAction\",\"target\":{\"@type\":\"EntryPoint\",\"urlTemplate\":\"https:\\\/\\\/www.a2gc.ca\\\/?s={search_term_string}\"},\"query-input\":{\"@type\":\"PropertyValueSpecification\",\"valueRequired\":true,\"valueName\":\"search_term_string\"}}],\"inLanguage\":\"en-US\"}]}<\/script>\n<!-- \/ Yoast SEO plugin. -->","yoast_head_json":{"title":"Training - A2GC \u2013 Andrieux et associ\u00e9s consultation g\u00e9om\u00e9canique, inc","robots":{"index":"index","follow":"follow","max-snippet":"max-snippet:-1","max-image-preview":"max-image-preview:large","max-video-preview":"max-video-preview:-1"},"canonical":"https:\/\/www.a2gc.ca\/formations\/","og_locale":"en_US","og_type":"article","og_title":"Training - A2GC \u2013 Andrieux et associ\u00e9s consultation g\u00e9om\u00e9canique, inc","og_description":"[vc_row fullwidth=&#8221;true&#8221; css=&#8221;.vc_custom_1579098618570{padding-top: 0px !important;padding-bottom: 0px !important;background-image: url(https:\/\/a2gc.ca\/wp-content\/uploads\/Salle-de-formation-min.jpg?id=1412) !important;background-position: center !important;background-repeat: no-repeat !important;background-size: cover !important;}&#8221; el_class=&#8221;bjm-top-block&#8221;][vc_column width=&#8221;3\/12&#8243;][\/vc_column][vc_column width=&#8221;9\/12&#8243;][vc_row_inner animation=&#8221;right-to-left&#8221; el_class=&#8221;bjm-whitelink&#8221;][vc_column_inner width=&#8221;5\/12&#8243;][\/vc_column_inner][vc_column_inner el_class=&#8221;bjm-dark-col&#8221; width=&#8221;7\/12&#8243;][mk_padding_divider size=&#8221;45&#8243;][vc_column_text] Training [\/vc_column_text][vc_column_text] PROFESSIONAL TRAINING SESSIONS IN ROCK ENGINEERING Our professional training sessions are offered in two formats: In person. The content can then be adjusted to half a day, one day [&hellip;]","og_url":"https:\/\/www.a2gc.ca\/formations\/","og_site_name":"A2GC \u2013 Andrieux et associ\u00e9s consultation g\u00e9om\u00e9canique, inc","article_modified_time":"2024-09-30T14:39:13+00:00","og_image":[{"url":"https:\/\/a2gc.ca\/wp-content\/uploads\/A2GC-Logo_Black-trans-opt.png","type":"","width":"","height":""}],"twitter_card":"summary_large_image","twitter_misc":{"Est. reading time":"4 minutes"},"schema":{"@context":"https:\/\/schema.org","@graph":[{"@type":"WebPage","@id":"https:\/\/www.a2gc.ca\/formations\/","url":"https:\/\/www.a2gc.ca\/formations\/","name":"Training - A2GC \u2013 Andrieux et associ\u00e9s consultation g\u00e9om\u00e9canique, inc","isPartOf":{"@id":"https:\/\/www.a2gc.ca\/#website"},"primaryImageOfPage":{"@id":"https:\/\/www.a2gc.ca\/formations\/#primaryimage"},"image":{"@id":"https:\/\/www.a2gc.ca\/formations\/#primaryimage"},"thumbnailUrl":"https:\/\/a2gc.ca\/wp-content\/uploads\/A2GC-Logo_Black-trans-opt.png","datePublished":"2022-01-06T19:17:27+00:00","dateModified":"2024-09-30T14:39:13+00:00","breadcrumb":{"@id":"https:\/\/www.a2gc.ca\/formations\/#breadcrumb"},"inLanguage":"en-US","potentialAction":[{"@type":"ReadAction","target":["https:\/\/www.a2gc.ca\/formations\/"]}]},{"@type":"ImageObject","inLanguage":"en-US","@id":"https:\/\/www.a2gc.ca\/formations\/#primaryimage","url":"https:\/\/a2gc.ca\/wp-content\/uploads\/A2GC-Logo_Black-trans-opt.png","contentUrl":"https:\/\/a2gc.ca\/wp-content\/uploads\/A2GC-Logo_Black-trans-opt.png"},{"@type":"BreadcrumbList","@id":"https:\/\/www.a2gc.ca\/formations\/#breadcrumb","itemListElement":[{"@type":"ListItem","position":1,"name":"Home","item":"https:\/\/www.a2gc.ca\/en\/"},{"@type":"ListItem","position":2,"name":"Training"}]},{"@type":"WebSite","@id":"https:\/\/www.a2gc.ca\/#website","url":"https:\/\/www.a2gc.ca\/","name":"A2GC \u2013 Andrieux et associ\u00e9s consultation g\u00e9om\u00e9canique, inc","description":"","potentialAction":[{"@type":"SearchAction","target":{"@type":"EntryPoint","urlTemplate":"https:\/\/www.a2gc.ca\/?s={search_term_string}"},"query-input":{"@type":"PropertyValueSpecification","valueRequired":true,"valueName":"search_term_string"}}],"inLanguage":"en-US"}]}},"_links":{"self":[{"href":"https:\/\/www.a2gc.ca\/en\/wp-json\/wp\/v2\/pages\/1389","targetHints":{"allow":["GET"]}}],"collection":[{"href":"https:\/\/www.a2gc.ca\/en\/wp-json\/wp\/v2\/pages"}],"about":[{"href":"https:\/\/www.a2gc.ca\/en\/wp-json\/wp\/v2\/types\/page"}],"author":[{"embeddable":true,"href":"https:\/\/www.a2gc.ca\/en\/wp-json\/wp\/v2\/users\/2"}],"replies":[{"embeddable":true,"href":"https:\/\/www.a2gc.ca\/en\/wp-json\/wp\/v2\/comments?post=1389"}],"version-history":[{"count":12,"href":"https:\/\/www.a2gc.ca\/en\/wp-json\/wp\/v2\/pages\/1389\/revisions"}],"predecessor-version":[{"id":2193,"href":"https:\/\/www.a2gc.ca\/en\/wp-json\/wp\/v2\/pages\/1389\/revisions\/2193"}],"wp:attachment":[{"href":"https:\/\/www.a2gc.ca\/en\/wp-json\/wp\/v2\/media?parent=1389"}],"curies":[{"name":"wp","href":"https:\/\/api.w.org\/{rel}","templated":true}]}}