{"id":1960,"date":"2023-05-29T13:22:46","date_gmt":"2023-05-29T17:22:46","guid":{"rendered":"https:\/\/a2gc.ca\/blogue\/"},"modified":"2024-01-22T15:34:43","modified_gmt":"2024-01-22T20:34:43","slug":"blog","status":"publish","type":"page","link":"https:\/\/www.a2gc.ca\/en\/blog\/","title":{"rendered":"Blog"},"content":{"rendered":"[vc_row fullwidth=&#8221;true&#8221; css=&#8221;.vc_custom_1481828506803{padding-top: 0px !important;padding-bottom: 0px !important;background-image: url(https:\/\/a2gc.ca\/wp-content\/uploads\/Photo_06-opt.jpg?id=72) !important;background-position: center !important;background-repeat: no-repeat !important;background-size: cover !important;}&#8221; el_class=&#8221;bjm-top-block&#8221;][vc_column width=&#8221;1\/4&#8243;][\/vc_column][vc_column width=&#8221;3\/4&#8243;][vc_row_inner animation=&#8221;right-to-left&#8221; el_class=&#8221;bjm-noscroll&#8221;][vc_column_inner el_class=&#8221;bjm-dark-col bjm-noscroll&#8221; css=&#8221;.vc_custom_1687193120722{margin-left: 30px !important;padding-left: 10px !important;}&#8221;][mk_padding_divider size=&#8221;45&#8243;][vc_column_text]<img decoding=\"async\" class=\"bjm-image\" src=\"https:\/\/a2gc.ca\/wp-content\/uploads\/A2GC-Logo_Black-trans-opt.png\" alt=\"A2GC\" \/><\/p>\n<h1 style=\"text-align: left; color: #ffffff;\"><span style=\"color: #ffffff;\">Blog: Geomechanics and Engineering<\/span><\/h1>\n[\/vc_column_text][mk_blog style=&#8221;thumbnail&#8221; count=&#8221;-1&#8243; pagination=&#8221;false&#8221;][\/vc_column_inner][\/vc_row_inner][\/vc_column][\/vc_row]\n","protected":false},"excerpt":{"rendered":"<p>[vc_row fullwidth=&#8221;true&#8221; css=&#8221;.vc_custom_1481828506803{padding-top: 0px !important;padding-bottom: 0px !important;background-image: url(https:\/\/a2gc.ca\/wp-content\/uploads\/Photo_06-opt.jpg?id=72) !important;background-position: center !important;background-repeat: no-repeat !important;background-size: cover !important;}&#8221; el_class=&#8221;bjm-top-block&#8221;][vc_column width=&#8221;1\/4&#8243;][\/vc_column][vc_column width=&#8221;3\/4&#8243;][vc_row_inner animation=&#8221;right-to-left&#8221; el_class=&#8221;bjm-noscroll&#8221;][vc_column_inner el_class=&#8221;bjm-dark-col bjm-noscroll&#8221; css=&#8221;.vc_custom_1687193120722{margin-left: 30px !important;padding-left: 10px !important;}&#8221;][mk_padding_divider size=&#8221;45&#8243;][vc_column_text] Blog: Geomechanics and Engineering [\/vc_column_text][mk_blog style=&#8221;thumbnail&#8221; count=&#8221;-1&#8243; pagination=&#8221;false&#8221;][\/vc_column_inner][\/vc_row_inner][\/vc_column][\/vc_row]<\/p>\n","protected":false},"author":2,"featured_media":0,"parent":0,"menu_order":0,"comment_status":"closed","ping_status":"closed","template":"","meta":{"footnotes":""},"class_list":["post-1960","page","type-page","status-publish","hentry"],"yoast_head":"<!-- This site is optimized with the Yoast SEO plugin v27.4 - https:\/\/yoast.com\/product\/yoast-seo-wordpress\/ -->\n<title>Blog: News and developments| A2GC<\/title>\n<meta name=\"description\" content=\"Follow us to discover our most recebt news and technical developments in the fiels of geomechanical engineering.\" \/>\n<meta name=\"robots\" content=\"index, follow, max-snippet:-1, max-image-preview:large, max-video-preview:-1\" \/>\n<link rel=\"canonical\" href=\"https:\/\/www.a2gc.ca\/blogue\/\" \/>\n<meta property=\"og:locale\" content=\"en_US\" \/>\n<meta property=\"og:type\" content=\"article\" \/>\n<meta property=\"og:title\" content=\"Blog: News and developments| A2GC\" \/>\n<meta property=\"og:description\" content=\"Follow us to discover our most recebt news and technical developments in the fiels of geomechanical engineering.\" \/>\n<meta property=\"og:url\" content=\"https:\/\/www.a2gc.ca\/blogue\/\" \/>\n<meta property=\"og:site_name\" content=\"A2GC \u2013 Andrieux et associ\u00e9s consultation g\u00e9om\u00e9canique, inc\" \/>\n<meta property=\"article:modified_time\" content=\"2024-01-22T20:34:43+00:00\" \/>\n<meta property=\"og:image\" content=\"https:\/\/a2gc.ca\/wp-content\/uploads\/A2GC-Logo_Black-trans-opt.png\" \/>\n<meta name=\"twitter:card\" content=\"summary_large_image\" \/>\n<meta name=\"twitter:label1\" content=\"Est. reading time\" \/>\n\t<meta name=\"twitter:data1\" content=\"1 minute\" \/>\n<script type=\"application\/ld+json\" class=\"yoast-schema-graph\">{\"@context\":\"https:\\\/\\\/schema.org\",\"@graph\":[{\"@type\":\"WebPage\",\"@id\":\"https:\\\/\\\/www.a2gc.ca\\\/blogue\\\/\",\"url\":\"https:\\\/\\\/www.a2gc.ca\\\/blogue\\\/\",\"name\":\"Blog: News and developments| A2GC\",\"isPartOf\":{\"@id\":\"https:\\\/\\\/www.a2gc.ca\\\/#website\"},\"primaryImageOfPage\":{\"@id\":\"https:\\\/\\\/www.a2gc.ca\\\/blogue\\\/#primaryimage\"},\"image\":{\"@id\":\"https:\\\/\\\/www.a2gc.ca\\\/blogue\\\/#primaryimage\"},\"thumbnailUrl\":\"https:\\\/\\\/a2gc.ca\\\/wp-content\\\/uploads\\\/A2GC-Logo_Black-trans-opt.png\",\"datePublished\":\"2023-05-29T17:22:46+00:00\",\"dateModified\":\"2024-01-22T20:34:43+00:00\",\"description\":\"Follow us to discover our most recebt news and technical developments in the fiels of geomechanical engineering.\",\"breadcrumb\":{\"@id\":\"https:\\\/\\\/www.a2gc.ca\\\/blogue\\\/#breadcrumb\"},\"inLanguage\":\"en-US\",\"potentialAction\":[{\"@type\":\"ReadAction\",\"target\":[\"https:\\\/\\\/www.a2gc.ca\\\/blogue\\\/\"]}]},{\"@type\":\"ImageObject\",\"inLanguage\":\"en-US\",\"@id\":\"https:\\\/\\\/www.a2gc.ca\\\/blogue\\\/#primaryimage\",\"url\":\"https:\\\/\\\/a2gc.ca\\\/wp-content\\\/uploads\\\/A2GC-Logo_Black-trans-opt.png\",\"contentUrl\":\"https:\\\/\\\/a2gc.ca\\\/wp-content\\\/uploads\\\/A2GC-Logo_Black-trans-opt.png\"},{\"@type\":\"BreadcrumbList\",\"@id\":\"https:\\\/\\\/www.a2gc.ca\\\/blogue\\\/#breadcrumb\",\"itemListElement\":[{\"@type\":\"ListItem\",\"position\":1,\"name\":\"Home\",\"item\":\"https:\\\/\\\/www.a2gc.ca\\\/en\\\/\"},{\"@type\":\"ListItem\",\"position\":2,\"name\":\"Blog\"}]},{\"@type\":\"WebSite\",\"@id\":\"https:\\\/\\\/www.a2gc.ca\\\/#website\",\"url\":\"https:\\\/\\\/www.a2gc.ca\\\/\",\"name\":\"A2GC \u2013 Andrieux et associ\u00e9s consultation g\u00e9om\u00e9canique, inc\",\"description\":\"\",\"potentialAction\":[{\"@type\":\"SearchAction\",\"target\":{\"@type\":\"EntryPoint\",\"urlTemplate\":\"https:\\\/\\\/www.a2gc.ca\\\/?s={search_term_string}\"},\"query-input\":{\"@type\":\"PropertyValueSpecification\",\"valueRequired\":true,\"valueName\":\"search_term_string\"}}],\"inLanguage\":\"en-US\"}]}<\/script>\n<!-- \/ Yoast SEO plugin. -->","yoast_head_json":{"title":"Blog: News and developments| A2GC","description":"Follow us to discover our most recebt news and technical developments in the fiels of geomechanical engineering.","robots":{"index":"index","follow":"follow","max-snippet":"max-snippet:-1","max-image-preview":"max-image-preview:large","max-video-preview":"max-video-preview:-1"},"canonical":"https:\/\/www.a2gc.ca\/blogue\/","og_locale":"en_US","og_type":"article","og_title":"Blog: News and developments| A2GC","og_description":"Follow us to discover our most recebt news and technical developments in the fiels of geomechanical engineering.","og_url":"https:\/\/www.a2gc.ca\/blogue\/","og_site_name":"A2GC \u2013 Andrieux et associ\u00e9s consultation g\u00e9om\u00e9canique, inc","article_modified_time":"2024-01-22T20:34:43+00:00","og_image":[{"url":"https:\/\/a2gc.ca\/wp-content\/uploads\/A2GC-Logo_Black-trans-opt.png","type":"","width":"","height":""}],"twitter_card":"summary_large_image","twitter_misc":{"Est. reading time":"1 minute"},"schema":{"@context":"https:\/\/schema.org","@graph":[{"@type":"WebPage","@id":"https:\/\/www.a2gc.ca\/blogue\/","url":"https:\/\/www.a2gc.ca\/blogue\/","name":"Blog: News and developments| A2GC","isPartOf":{"@id":"https:\/\/www.a2gc.ca\/#website"},"primaryImageOfPage":{"@id":"https:\/\/www.a2gc.ca\/blogue\/#primaryimage"},"image":{"@id":"https:\/\/www.a2gc.ca\/blogue\/#primaryimage"},"thumbnailUrl":"https:\/\/a2gc.ca\/wp-content\/uploads\/A2GC-Logo_Black-trans-opt.png","datePublished":"2023-05-29T17:22:46+00:00","dateModified":"2024-01-22T20:34:43+00:00","description":"Follow us to discover our most recebt news and technical developments in the fiels of geomechanical engineering.","breadcrumb":{"@id":"https:\/\/www.a2gc.ca\/blogue\/#breadcrumb"},"inLanguage":"en-US","potentialAction":[{"@type":"ReadAction","target":["https:\/\/www.a2gc.ca\/blogue\/"]}]},{"@type":"ImageObject","inLanguage":"en-US","@id":"https:\/\/www.a2gc.ca\/blogue\/#primaryimage","url":"https:\/\/a2gc.ca\/wp-content\/uploads\/A2GC-Logo_Black-trans-opt.png","contentUrl":"https:\/\/a2gc.ca\/wp-content\/uploads\/A2GC-Logo_Black-trans-opt.png"},{"@type":"BreadcrumbList","@id":"https:\/\/www.a2gc.ca\/blogue\/#breadcrumb","itemListElement":[{"@type":"ListItem","position":1,"name":"Home","item":"https:\/\/www.a2gc.ca\/en\/"},{"@type":"ListItem","position":2,"name":"Blog"}]},{"@type":"WebSite","@id":"https:\/\/www.a2gc.ca\/#website","url":"https:\/\/www.a2gc.ca\/","name":"A2GC \u2013 Andrieux et associ\u00e9s consultation g\u00e9om\u00e9canique, inc","description":"","potentialAction":[{"@type":"SearchAction","target":{"@type":"EntryPoint","urlTemplate":"https:\/\/www.a2gc.ca\/?s={search_term_string}"},"query-input":{"@type":"PropertyValueSpecification","valueRequired":true,"valueName":"search_term_string"}}],"inLanguage":"en-US"}]}},"_links":{"self":[{"href":"https:\/\/www.a2gc.ca\/en\/wp-json\/wp\/v2\/pages\/1960","targetHints":{"allow":["GET"]}}],"collection":[{"href":"https:\/\/www.a2gc.ca\/en\/wp-json\/wp\/v2\/pages"}],"about":[{"href":"https:\/\/www.a2gc.ca\/en\/wp-json\/wp\/v2\/types\/page"}],"author":[{"embeddable":true,"href":"https:\/\/www.a2gc.ca\/en\/wp-json\/wp\/v2\/users\/2"}],"replies":[{"embeddable":true,"href":"https:\/\/www.a2gc.ca\/en\/wp-json\/wp\/v2\/comments?post=1960"}],"version-history":[{"count":4,"href":"https:\/\/www.a2gc.ca\/en\/wp-json\/wp\/v2\/pages\/1960\/revisions"}],"predecessor-version":[{"id":1989,"href":"https:\/\/www.a2gc.ca\/en\/wp-json\/wp\/v2\/pages\/1960\/revisions\/1989"}],"wp:attachment":[{"href":"https:\/\/www.a2gc.ca\/en\/wp-json\/wp\/v2\/media?parent=1960"}],"curies":[{"name":"wp","href":"https:\/\/api.w.org\/{rel}","templated":true}]}}