{"id":215,"date":"2017-01-04T13:39:56","date_gmt":"2017-01-04T18:39:56","guid":{"rendered":"https:\/\/a2gc.ca\/en\/?page_id=215"},"modified":"2024-09-23T17:31:16","modified_gmt":"2024-09-23T21:31:16","slug":"about","status":"publish","type":"page","link":"https:\/\/www.a2gc.ca\/en\/about\/","title":{"rendered":"About"},"content":{"rendered":"[vc_row fullwidth=&#8221;true&#8221; css=&#8221;.vc_custom_1481828506803{padding-top: 0px !important;padding-bottom: 0px !important;background-image: url(https:\/\/a2gc.ca\/wp-content\/uploads\/Photo_06-opt.jpg?id=72) !important;background-position: center !important;background-repeat: no-repeat !important;background-size: cover !important;}&#8221; el_class=&#8221;bjm-top-block&#8221;][vc_column width=&#8221;3\/12&#8243;][\/vc_column][vc_column width=&#8221;9\/12&#8243;][vc_row_inner animation=&#8221;right-to-left&#8221;][vc_column_inner width=&#8221;5\/12&#8243; css=&#8221;.vc_custom_1481828369813{padding-top: 90px !important;}&#8221;][\/vc_column_inner][vc_column_inner el_class=&#8221;bjm-dark-col&#8221; width=&#8221;7\/12&#8243;][mk_padding_divider size=&#8221;45&#8243;][vc_column_text]<img decoding=\"async\" class=\"bjm-image\" src=\"https:\/\/a2gc.ca\/wp-content\/uploads\/A2GC-Logo_Black-trans-opt.png\" alt=\"A2GC\" \/><\/p>\n<h1 style=\"text-align: left; color: #ffffff;\"><span style=\"color: #ffffff;\">Who we are<\/span><\/h1>\n<p><span style=\"font-weight: 400; color: #ffffff;\">Andrieux &amp; Associates Geomechanics Consulting, L.P. (A2GC) is a Montreal-based Canadian consulting firm established in 2015, which offers technical services in the fields of geomechanics, ground control, numerical modelling, mine design and drilling and blasting to local and international mining, construction and civil engineering clients.<\/span><\/p>\n<p><span style=\"font-weight: 400; color: #ffffff;\">Technical work is directed and supervised by Patrick Andrieux, a mining engineer with over thirty-five years of experience at operating mine sites (both on surface and underground), as well as in research and development, instrumentation, technical services and support, and consulting.<\/span><\/p>\n<h2><span style=\"color: #ffffff;\">Our goal and approach<\/span><\/h2>\n<p><span style=\"font-weight: 400; color: #ffffff;\">Our objective at A2GC is to provide our clients with the highest quality technical services in a timely and cost-effective manner, for the ultimate goal of efficiently solving complex geomechanical and blasting challenges.<\/span><\/p>\n<p><span style=\"font-weight: 400; color: #ffffff;\">A2GC can address a wide range of projects, from small to large. When required, it can rely on a network of hand-picked external associates, all world-class leaders in their line of work, and notably in the fields of structural mapping, instrumentation, hydrogeology and civil engineering. This approach allows A2GC to offer a wide array of world-class technical services while maintaining a light structure, which, in turn, allows for competitive hourly rates and, consequently, lower overall project costs.<\/span><\/p>\n<p><span style=\"font-weight: 400; color: #ffffff;\">When projects do involve external participants, A2GC strives to streamline communications for the client, by sub-contracting, administrating, coordinating, supervising and reporting all aspects of the work.<\/span><\/p>\n<h2><span style=\"color: #ffffff;\">What makes us unique<\/span><\/h2>\n<p><span style=\"font-weight: 400; color: #ffffff;\">A2GC personnel combine the experience of working at active mine sites with that of providing technical and consulting services to a wide range of clients. Having worked \u201con both sides of the fence\u201d provides A2GC with an unparalleled perspective on its clients\u2019 needs and expectations.<\/span><\/p>\n<p><span style=\"font-weight: 400; color: #ffffff;\">A2GC combines this experience with a thorough understanding of the mining business, whereby uncertainties, risks, costs, cycle times and delays are to be minimised, while productivity, production and, ultimately, profits must be maximised. A2GC recognises that, even though safety risks are not acceptable under any circumstance, some level of business risk\u00a0\u2013 related to tolerable geotechnical compromises\u00a0\u2013 may be allowable depending on the tolerance of the client.<\/span><\/p>\n<p><span style=\"font-weight: 400; color: #ffffff;\">A2GC personnel have extensive experience running and managing geomechanical, ground control, mine design and drilling and blasting technical projects, which allows for a tight fit to be maintained between the analyses undertaken and the objectives of the work, to efficiently zero-in on a practical, efficient, doable and viable solution.<\/span><\/p>\n<h2><span style=\"color: #ffffff;\">Statement of qualifications<\/span><\/h2>\n<p><span style=\"font-weight: 400; color: #ffffff;\">A2GC offers a wide range of services to its mining, construction and civil clients, other consulting firms, government agencies and contractors.<\/span>[\/vc_column_text][mk_button dimension=&#8221;flat&#8221; size=&#8221;medium&#8221; url=&#8221;\/en\/services\/&#8221; fullwidth=&#8221;true&#8221; bg_color=&#8221;#ee3a28&#8243; btn_hover_bg=&#8221;#8e1212&#8243;]Learn more about our services[\/mk_button][vc_column_text]\n<h2><span style=\"color: #ffffff;\">Selected Past and Current Clients List<\/span><\/h2>\n<ul>\n<li><span style=\"color: #ffffff;\">Agnico Eagle \u2013 Discovery, Gilt Edge, Goldex, Hope Bay, Kittil\u00e4, LaRonde, Meadowbank, Meliadine<\/span><\/li>\n<li><span style=\"color: #ffffff;\">ArcelorMittal \u2013 Mont Wright<\/span><\/li>\n<li><span style=\"color: #ffffff;\">Argonaut \u2013 Magino<\/span><\/li>\n<li><span style=\"color: #ffffff;\">Arianne Phosphate \u2013 Lac-\u00e0-Paul<\/span><\/li>\n<li><span style=\"color: #ffffff;\">Austin Powder Corp. \u2013 Corporate Technical Services<\/span><\/li>\n<li><span style=\"color: #ffffff;\">Bonterra \u2013 Gladiator, Lake Bachelor<\/span><\/li>\n<li><span style=\"color: #ffffff;\">Cameco \u2013 Cigar Lake, McArthur River<\/span><\/li>\n<li><span style=\"color: #ffffff;\">Canadian Malartic \u2013 Canadian Malartic, East Gouldie, East Malartic, Odyssey<\/span><\/li>\n<li><span style=\"color: #ffffff;\">Canadian Royalties \u2013 Allammaq<\/span><\/li>\n<li><span style=\"color: #ffffff;\">Capstone \u2013 Cozamin<\/span><\/li>\n<li><span style=\"color: #ffffff;\">Codelco \u2013 El Teniente<\/span><\/li>\n<li><span style=\"color: #ffffff;\">Coeur Mining \u2013 Silvertip<\/span><\/li>\n<li><span style=\"color: #ffffff;\">Continental Gold \u2013 Buritic\u00e1<\/span><\/li>\n<li><span style=\"color: #ffffff;\">Dalradian \u2013 Curraghinalt<\/span><\/li>\n<li><span style=\"color: #ffffff;\">DRA \u2013 Monte do Carmo, Tizert<\/span><\/li>\n<li><span style=\"color: #ffffff;\">DST \u2013 Pickle Crow<\/span><\/li>\n<li><span style=\"color: #ffffff;\">EBC \u2013 Romaine-4<\/span><\/li>\n<li><span style=\"color: #ffffff;\">Eldorado \u2013 Lamaque<\/span><\/li>\n<li><span style=\"color: #ffffff;\">Falco Resources \u2013 Horne 5<\/span><\/li>\n<li><span style=\"color: #ffffff;\">Freeport-McMoRan \u2013 Grasberg<\/span><\/li>\n<li><span style=\"color: #ffffff;\">Glencore \u2013 Fraser, Kamoto, Kidd, Matagami\/McLeod, Morgan, Nickel Rim South, Raglan<\/span><\/li>\n<li><span style=\"color: #ffffff;\">Government of Quebec \u2013 Ministry of Energy and Natural Resources<\/span><\/li>\n<li><span style=\"color: #ffffff;\">Greenstone Gold Mines \u2013 Hardrock<\/span><\/li>\n<li><span style=\"color: #ffffff;\">Hecla \u2013 Casa Berardi, Corporate Technical Services, Keno Hill<\/span><\/li>\n<li><span style=\"color: #ffffff;\">Hydro-Qu\u00e9bec \u2013 Romaine 3 and 4<\/span><\/li>\n<li><span style=\"color: #ffffff;\">Iamgold \u2013 Boto, Essakane, Fayolle, Grand-Duc, Rouyn-Gold, Westwood<\/span><\/li>\n<li><span style=\"color: #ffffff;\">Impala \u2013 Lac-des-\u00celes<\/span><\/li>\n<li><span style=\"color: #ffffff;\">Kirkland Lake Gold (now Agnico Eagle) \u2013 Detour Lake, Holloway, Holt, Macassa, Taylor<\/span><\/li>\n<li><span style=\"color: #ffffff;\">LKAB \u2013 Kiruna, Malmberget<\/span><\/li>\n<li><span style=\"color: #ffffff;\">Lundin Mining \u2013 Candelaria, Neves Corvo<\/span><\/li>\n<li><span style=\"color: #ffffff;\">Magris Resources \u2013 Niobec<\/span><\/li>\n<li><span style=\"color: #ffffff;\">Monarch \u2013 Beaufor<\/span><\/li>\n<li><span style=\"color: #ffffff;\">Newmont \/ Goldcorp \u2013 Century, Eleonore, Hollinger, Hoyle Pond, Musselwhite, Pamour<\/span><\/li>\n<li><span style=\"color: #ffffff;\">Niocorp \u2013 Elk Creek<\/span><\/li>\n<li><span style=\"color: #ffffff;\">Osisko \u2013 Bonanza Ledge, Cariboo, Windfall<\/span><\/li>\n<li><span style=\"color: #ffffff;\">Pine Point<\/span><\/li>\n<li><span style=\"color: #ffffff;\">Reminex \u2013 Draa Sfar<\/span><\/li>\n<li><span style=\"color: #ffffff;\">Ring of Fire \/ Wyloo \u2013 Eagle\u2019s Nest<\/span><\/li>\n<li><span style=\"color: #ffffff;\">Rio Tinto \u2013 Diavik, Kennecott, Oyu Tolgoi<\/span><\/li>\n<li><span style=\"color: #ffffff;\">Sayona \u2013 North American Lithium Complex<\/span><\/li>\n<li><span style=\"color: #ffffff;\">Sintra \u2013St-Jean-Chrysostome quarry<\/span><\/li>\n<li><span style=\"color: #ffffff;\">Stone Canyon \u2013 Seleine<\/span><\/li>\n<li><span style=\"color: #ffffff;\">Stornoway \u2013 Renard<\/span><\/li>\n<li><span style=\"color: #ffffff;\">Trevali \u2013 Caribou<\/span><\/li>\n<li><span style=\"color: #ffffff;\">VALE \u2013 Coleman, Creighton<\/span><\/li>\n<li><span style=\"color: #ffffff;\">Wesdome \u2013 Kiena<\/span><\/li>\n<li><span style=\"color: #ffffff;\">Winsome \u2013 Adina Lithium<\/span><\/li>\n<\/ul>\n[\/vc_column_text][vc_column_text][\/vc_column_text][\/vc_column_inner][\/vc_row_inner][\/vc_column][\/vc_row]\n","protected":false},"excerpt":{"rendered":"<p>[vc_row fullwidth=&#8221;true&#8221; css=&#8221;.vc_custom_1481828506803{padding-top: 0px !important;padding-bottom: 0px !important;background-image: url(https:\/\/a2gc.ca\/wp-content\/uploads\/Photo_06-opt.jpg?id=72) !important;background-position: center !important;background-repeat: no-repeat !important;background-size: cover !important;}&#8221; el_class=&#8221;bjm-top-block&#8221;][vc_column width=&#8221;3\/12&#8243;][\/vc_column][vc_column width=&#8221;9\/12&#8243;][vc_row_inner animation=&#8221;right-to-left&#8221;][vc_column_inner width=&#8221;5\/12&#8243; css=&#8221;.vc_custom_1481828369813{padding-top: 90px !important;}&#8221;][\/vc_column_inner][vc_column_inner el_class=&#8221;bjm-dark-col&#8221; width=&#8221;7\/12&#8243;][mk_padding_divider size=&#8221;45&#8243;][vc_column_text] Who we are Andrieux &amp; Associates Geomechanics Consulting, L.P. (A2GC) is a Montreal-based Canadian consulting firm established in 2015, which offers technical services in the fields of geomechanics, ground [&hellip;]<\/p>\n","protected":false},"author":2,"featured_media":0,"parent":0,"menu_order":0,"comment_status":"closed","ping_status":"closed","template":"","meta":{"footnotes":""},"class_list":["post-215","page","type-page","status-publish","hentry"],"yoast_head":"<!-- This site is optimized with the Yoast SEO plugin v27.4 - https:\/\/yoast.com\/product\/yoast-seo-wordpress\/ -->\n<title>Geomechanics Consultation Office | A2GC in Montreal<\/title>\n<meta name=\"description\" content=\"A2GC extensive experience allows us to provide high quality technical services in the field of geomechanics. Local and international services.\" \/>\n<meta name=\"robots\" content=\"index, follow, max-snippet:-1, max-image-preview:large, max-video-preview:-1\" \/>\n<link rel=\"canonical\" href=\"https:\/\/www.a2gc.ca\/en\/about\/\" \/>\n<meta property=\"og:locale\" content=\"en_US\" \/>\n<meta property=\"og:type\" content=\"article\" \/>\n<meta property=\"og:title\" content=\"Geomechanics Consultation Office | A2GC in Montreal\" \/>\n<meta property=\"og:description\" content=\"A2GC extensive experience allows us to provide high quality technical services in the field of geomechanics. Local and international services.\" \/>\n<meta property=\"og:url\" content=\"https:\/\/www.a2gc.ca\/en\/about\/\" \/>\n<meta property=\"og:site_name\" content=\"A2GC \u2013 Andrieux et associ\u00e9s consultation g\u00e9om\u00e9canique, inc\" \/>\n<meta property=\"article:modified_time\" content=\"2024-09-23T21:31:16+00:00\" \/>\n<meta property=\"og:image\" content=\"https:\/\/a2gc.ca\/wp-content\/uploads\/A2GC-Logo_Black-trans-opt.png\" \/>\n<meta name=\"twitter:card\" content=\"summary_large_image\" \/>\n<meta name=\"twitter:label1\" content=\"Est. reading time\" \/>\n\t<meta name=\"twitter:data1\" content=\"4 minutes\" \/>\n<script type=\"application\/ld+json\" class=\"yoast-schema-graph\">{\"@context\":\"https:\\\/\\\/schema.org\",\"@graph\":[{\"@type\":\"WebPage\",\"@id\":\"https:\\\/\\\/www.a2gc.ca\\\/en\\\/about\\\/\",\"url\":\"https:\\\/\\\/www.a2gc.ca\\\/en\\\/about\\\/\",\"name\":\"Geomechanics Consultation Office | A2GC in Montreal\",\"isPartOf\":{\"@id\":\"https:\\\/\\\/www.a2gc.ca\\\/#website\"},\"primaryImageOfPage\":{\"@id\":\"https:\\\/\\\/www.a2gc.ca\\\/en\\\/about\\\/#primaryimage\"},\"image\":{\"@id\":\"https:\\\/\\\/www.a2gc.ca\\\/en\\\/about\\\/#primaryimage\"},\"thumbnailUrl\":\"https:\\\/\\\/a2gc.ca\\\/wp-content\\\/uploads\\\/A2GC-Logo_Black-trans-opt.png\",\"datePublished\":\"2017-01-04T18:39:56+00:00\",\"dateModified\":\"2024-09-23T21:31:16+00:00\",\"description\":\"A2GC extensive experience allows us to provide high quality technical services in the field of geomechanics. Local and international services.\",\"breadcrumb\":{\"@id\":\"https:\\\/\\\/www.a2gc.ca\\\/en\\\/about\\\/#breadcrumb\"},\"inLanguage\":\"en-US\",\"potentialAction\":[{\"@type\":\"ReadAction\",\"target\":[\"https:\\\/\\\/www.a2gc.ca\\\/en\\\/about\\\/\"]}]},{\"@type\":\"ImageObject\",\"inLanguage\":\"en-US\",\"@id\":\"https:\\\/\\\/www.a2gc.ca\\\/en\\\/about\\\/#primaryimage\",\"url\":\"https:\\\/\\\/a2gc.ca\\\/wp-content\\\/uploads\\\/A2GC-Logo_Black-trans-opt.png\",\"contentUrl\":\"https:\\\/\\\/a2gc.ca\\\/wp-content\\\/uploads\\\/A2GC-Logo_Black-trans-opt.png\"},{\"@type\":\"BreadcrumbList\",\"@id\":\"https:\\\/\\\/www.a2gc.ca\\\/en\\\/about\\\/#breadcrumb\",\"itemListElement\":[{\"@type\":\"ListItem\",\"position\":1,\"name\":\"Home\",\"item\":\"https:\\\/\\\/www.a2gc.ca\\\/en\\\/\"},{\"@type\":\"ListItem\",\"position\":2,\"name\":\"About\"}]},{\"@type\":\"WebSite\",\"@id\":\"https:\\\/\\\/www.a2gc.ca\\\/#website\",\"url\":\"https:\\\/\\\/www.a2gc.ca\\\/\",\"name\":\"A2GC \u2013 Andrieux et associ\u00e9s consultation g\u00e9om\u00e9canique, inc\",\"description\":\"\",\"potentialAction\":[{\"@type\":\"SearchAction\",\"target\":{\"@type\":\"EntryPoint\",\"urlTemplate\":\"https:\\\/\\\/www.a2gc.ca\\\/?s={search_term_string}\"},\"query-input\":{\"@type\":\"PropertyValueSpecification\",\"valueRequired\":true,\"valueName\":\"search_term_string\"}}],\"inLanguage\":\"en-US\"}]}<\/script>\n<!-- \/ Yoast SEO plugin. -->","yoast_head_json":{"title":"Geomechanics Consultation Office | A2GC in Montreal","description":"A2GC extensive experience allows us to provide high quality technical services in the field of geomechanics. Local and international services.","robots":{"index":"index","follow":"follow","max-snippet":"max-snippet:-1","max-image-preview":"max-image-preview:large","max-video-preview":"max-video-preview:-1"},"canonical":"https:\/\/www.a2gc.ca\/en\/about\/","og_locale":"en_US","og_type":"article","og_title":"Geomechanics Consultation Office | A2GC in Montreal","og_description":"A2GC extensive experience allows us to provide high quality technical services in the field of geomechanics. Local and international services.","og_url":"https:\/\/www.a2gc.ca\/en\/about\/","og_site_name":"A2GC \u2013 Andrieux et associ\u00e9s consultation g\u00e9om\u00e9canique, inc","article_modified_time":"2024-09-23T21:31:16+00:00","og_image":[{"url":"https:\/\/a2gc.ca\/wp-content\/uploads\/A2GC-Logo_Black-trans-opt.png","type":"","width":"","height":""}],"twitter_card":"summary_large_image","twitter_misc":{"Est. reading time":"4 minutes"},"schema":{"@context":"https:\/\/schema.org","@graph":[{"@type":"WebPage","@id":"https:\/\/www.a2gc.ca\/en\/about\/","url":"https:\/\/www.a2gc.ca\/en\/about\/","name":"Geomechanics Consultation Office | A2GC in Montreal","isPartOf":{"@id":"https:\/\/www.a2gc.ca\/#website"},"primaryImageOfPage":{"@id":"https:\/\/www.a2gc.ca\/en\/about\/#primaryimage"},"image":{"@id":"https:\/\/www.a2gc.ca\/en\/about\/#primaryimage"},"thumbnailUrl":"https:\/\/a2gc.ca\/wp-content\/uploads\/A2GC-Logo_Black-trans-opt.png","datePublished":"2017-01-04T18:39:56+00:00","dateModified":"2024-09-23T21:31:16+00:00","description":"A2GC extensive experience allows us to provide high quality technical services in the field of geomechanics. Local and international services.","breadcrumb":{"@id":"https:\/\/www.a2gc.ca\/en\/about\/#breadcrumb"},"inLanguage":"en-US","potentialAction":[{"@type":"ReadAction","target":["https:\/\/www.a2gc.ca\/en\/about\/"]}]},{"@type":"ImageObject","inLanguage":"en-US","@id":"https:\/\/www.a2gc.ca\/en\/about\/#primaryimage","url":"https:\/\/a2gc.ca\/wp-content\/uploads\/A2GC-Logo_Black-trans-opt.png","contentUrl":"https:\/\/a2gc.ca\/wp-content\/uploads\/A2GC-Logo_Black-trans-opt.png"},{"@type":"BreadcrumbList","@id":"https:\/\/www.a2gc.ca\/en\/about\/#breadcrumb","itemListElement":[{"@type":"ListItem","position":1,"name":"Home","item":"https:\/\/www.a2gc.ca\/en\/"},{"@type":"ListItem","position":2,"name":"About"}]},{"@type":"WebSite","@id":"https:\/\/www.a2gc.ca\/#website","url":"https:\/\/www.a2gc.ca\/","name":"A2GC \u2013 Andrieux et associ\u00e9s consultation g\u00e9om\u00e9canique, inc","description":"","potentialAction":[{"@type":"SearchAction","target":{"@type":"EntryPoint","urlTemplate":"https:\/\/www.a2gc.ca\/?s={search_term_string}"},"query-input":{"@type":"PropertyValueSpecification","valueRequired":true,"valueName":"search_term_string"}}],"inLanguage":"en-US"}]}},"_links":{"self":[{"href":"https:\/\/www.a2gc.ca\/en\/wp-json\/wp\/v2\/pages\/215","targetHints":{"allow":["GET"]}}],"collection":[{"href":"https:\/\/www.a2gc.ca\/en\/wp-json\/wp\/v2\/pages"}],"about":[{"href":"https:\/\/www.a2gc.ca\/en\/wp-json\/wp\/v2\/types\/page"}],"author":[{"embeddable":true,"href":"https:\/\/www.a2gc.ca\/en\/wp-json\/wp\/v2\/users\/2"}],"replies":[{"embeddable":true,"href":"https:\/\/www.a2gc.ca\/en\/wp-json\/wp\/v2\/comments?post=215"}],"version-history":[{"count":24,"href":"https:\/\/www.a2gc.ca\/en\/wp-json\/wp\/v2\/pages\/215\/revisions"}],"predecessor-version":[{"id":1661,"href":"https:\/\/www.a2gc.ca\/en\/wp-json\/wp\/v2\/pages\/215\/revisions\/1661"}],"wp:attachment":[{"href":"https:\/\/www.a2gc.ca\/en\/wp-json\/wp\/v2\/media?parent=215"}],"curies":[{"name":"wp","href":"https:\/\/api.w.org\/{rel}","templated":true}]}}